{"id":313,"date":"2017-03-27T14:17:23","date_gmt":"2017-03-27T13:17:23","guid":{"rendered":"http:\/\/turismus.prf.cuni.cz\/?page_id=313"},"modified":"2024-02-04T01:44:06","modified_gmt":"2024-02-04T00:44:06","slug":"turismus-a-vysoke-skoly","status":"publish","type":"page","link":"https:\/\/turismus.prf.cuni.cz\/?page_id=313","title":{"rendered":"TURISMUS A VYSOK\u00c9 \u0160KOLY"},"content":{"rendered":"<p style=\"text-align: justify;\"><span style=\"font-family: verdana,geneva,sans-serif;\"><strong>VYSOK\u00c9 \u0160KOLY V \u010cR V\u011aNUJ\u00cdC\u00cd SE TURISMU<\/strong><\/span><\/p>\n<p style=\"text-align: justify;\"><span style=\"font-family: verdana,geneva,sans-serif;\">Zat\u00edmco p\u0159\u00edmo pr\u00e1vn\u00ed \u00faprav\u011b cestovn\u00edho ruchu se v\u00a0\u010cR pravideln\u011bji v\u011bnuje jen hrstka odborn\u00edk\u016f, kter\u00e9 lze v\u00a0z\u00e1sad\u011b spo\u010d\u00edtat na prstech, tak z\u00e1jem o cestovn\u00ed ruch obecn\u011b je pom\u011brn\u011b zna\u010dn\u00fd. Z\u00a0hlediska pr\u00e1vn\u00ed v\u011bdy, kter\u00e1 je velmi koncentrov\u00e1na hlavn\u011b na hrstce pr\u00e1vnick\u00fdch fakult, je v\u0161ak p\u0159ekvapuj\u00edc\u00ed <strong>velk\u00e9 rozt\u0159\u00ed\u0161t\u011bn\u00ed odborn\u00fdch pracovi\u0161\u0165<\/strong>, kde v\u00fdraznou roli hraj\u00ed region\u00e1ln\u00ed nebo soukrom\u00e9 vysok\u00e9 \u0161koly. \u00dast\u0159edn\u00ed v\u00fdzkumn\u00e9 pracovi\u0161t\u011b ji\u017e od roku 1993 neexistuje.<\/span><\/p>\n<p style=\"text-align: justify;\"><span style=\"font-family: verdana,geneva,sans-serif;\"><strong>N\u011bkter\u00e9 pracovi\u0161t\u011b zde budou uvedena, zejm\u00e9na pokud vyd\u00e1vaj\u00ed pravideln\u011b sborn\u00edky nebo \u010dasopisy, p\u0159\u00edpadn\u011b organizuj\u00ed odborn\u00e9 konference. Je v\u0161ak t\u0159eba upozornit, \u017ee konferen\u010dn\u00ed p\u0159\u00edsp\u011bvky nebo \u010dl\u00e1nky na pr\u00e1vn\u00ed t\u00e9mata jsou ojedin\u011bl\u00e9. <\/strong><\/span><\/p>\n<p style=\"text-align: justify;\"><span style=\"font-family: verdana,geneva,sans-serif;\"><strong><a href=\"https:\/\/kcr.vspj.cz\/o-katedre\">VYSOK\u00c1 \u0160KOLA POLYTECHNICK\u00c1 JIHLAVA &#8211; KATEDRA CESTOVN\u00cdHO RUCHU<br \/>\n<\/a><\/strong><\/span><span style=\"font-family: verdana,geneva,sans-serif;\">Po\u0159\u00e1d\u00e1 ka\u017edoro\u010dn\u00ed rozs\u00e1hl\u00e9 konference \u201eAktu\u00e1ln\u00ed probl\u00e9my cestovn\u00edho ruchu\u201c na konci \u00fanora \u2013 konferen\u010dn\u00ed sborn\u00edky lze dohledat na <a href=\"https:\/\/www.vspj.cz\/tvurci-cinnost-a-projekty\/obecne-informace\">https:\/\/www.vspj.cz\/tvurci-cinnost-a-projekty\/obecne-informace<\/a><br \/>\nVyd\u00e1v\u00e1 elektronick\u00fd \u010dasopis Studia turistica, kter\u00fd je kompletn\u011b k\u00a0dispozici viz <a href=\"https:\/\/www.vspj.cz\/tvurci-cinnost-a-projekty\/casopisy-vspj\/studia-turistica\">https:\/\/www.vspj.cz\/tvurci-cinnost-a-projekty\/casopisy-vspj\/studia-turistica<\/a><br \/>\n<\/span><\/p>\n<p style=\"text-align: justify;\"><span style=\"font-family: verdana,geneva,sans-serif;\"><strong><a href=\"https:\/\/www.muni.cz\/o-univerzite\/fakulty-a-pracoviste\/ekonomicko-spravni-fakulta\/561800-katedra-regionalni-ekonomie\">MASARYKOVA UNIVERZITA \u2013 EKONOMICKO-SPR\u00c1VN\u00cd FAKULTA \u2013 KATEDRA REGION\u00c1LN\u00cd EKONOMIE<\/a><br \/>\n<\/strong><\/span><span style=\"font-family: verdana,geneva,sans-serif;\">Po\u0159\u00e1d\u00e1 ka\u017edoro\u010dn\u00ed \u201eMezin\u00e1rodn\u00ed kolokvium o cestovn\u00edm ruchu\u201c v polovin\u011b z\u00e1\u0159\u00ed \u2013 sborn\u00edky z kolokvi\u00ed jsou kompletn\u011b k dispozici viz <a href=\"https:\/\/www.econ.muni.cz\/mezinarodni-kolokvium-o-cestovnim-ruchu\/sborniky\">https:\/\/www.econ.muni.cz\/mezinarodni-kolokvium-o-cestovnim-ruchu\/sborniky<\/a><br \/>\nVyd\u00e1v\u00e1 renomovan\u00fd \u010dasopis v\u00a0angli\u010dtin\u011b Czech Journal of Tourism viz <a href=\"http:\/\/www.czechjournaloftourism.cz\/\">http:\/\/www.czechjournaloftourism.cz\/<\/a><br \/>\n<\/span><\/p>\n<p style=\"text-align: justify;\"><span style=\"font-family: verdana,geneva,sans-serif;\"><strong><a href=\"http:\/\/www.vsh.cz\/cs\/\">VYSOK\u00c1 \u0160KOLA HOTELOV\u00c1 V PRAZE<br \/>\n<\/a><\/strong><\/span><span style=\"font-family: verdana,geneva,sans-serif;\">Po\u0159\u00e1d\u00e1 pravideln\u00e9 konference v\u011bnovan\u00e9 ot\u00e1zk\u00e1m hotelnictv\u00ed v\u00a0polovin\u011b \u0159\u00edjna. Sborn\u00edky jsou k\u00a0dispozici v\u00a0elektronick\u00e9 podob\u011b\u00a0\u00a0 viz <a href=\"https:\/\/www.vsh.cz\/cs\/veda-a-vyzkum\/konference-vsh\/\">https:\/\/www.vsh.cz\/cs\/veda-a-vyzkum\/konference-vsh\/<\/a><br \/>\nVyd\u00e1v\u00e1 \u010dasopis v angli\u010dtin\u011b Czech Hospitality and Tourism Papers &#8211; nov\u011bj\u0161\u00ed \u010d\u00edsla jsou kompletn\u011b k\u00a0dispozici v\u00a0elektronick\u00e9 podob\u011b\u00a0\u00a0 viz <a href=\"https:\/\/ucp.cz\/veda-a-vyzkum\/recenzovany-casopis-vsh\/\">https:\/\/ucp.cz\/veda-a-vyzkum\/recenzovany-casopis-vsh\/<\/a><br \/>\n<\/span><\/p>\n<p style=\"text-align: justify;\"><span style=\"font-family: verdana,geneva,sans-serif;\"><strong><a href=\"https:\/\/www.vso.cz\/\">VYSOK\u00c1 \u0160KOLA OBCHODN\u00cd V PRAZE<\/a><br \/>\n<\/strong><\/span><span style=\"font-family: verdana,geneva,sans-serif;\">Vyd\u00e1v\u00e1 anglick\u00fd \u010dasopis Journal of Tourism and Services\u00a0\u00a0 kompletn\u011b v elektronick\u00e9 podob\u011b viz <a href=\"https:\/\/www.jots.cz\/\">https:\/\/www.jots.cz\/<\/a><br \/>\n<\/span><\/p>\n<p style=\"text-align: justify;\"><span style=\"font-family: verdana,geneva,sans-serif;\"><strong><a href=\"https:\/\/www.ujak.cz\">UNIVERZITA JANA AMOSE KOMENSK\u00c9HO PRAHA<\/a><br \/>\n<\/strong><\/span><span style=\"font-family: verdana,geneva,sans-serif;\"><strong>Obor Management cestovn\u00edho ruchu<\/strong> <a href=\"https:\/\/www.ujak.cz\/cestovni-ruch\">https:\/\/www.ujak.cz\/cestovni-ruch<\/a><br \/>\nVyd\u00e1v\u00e1 \u0159adu odborn\u00fdch publikac\u00ed a to i k pr\u00e1vn\u00ed \u00faprav\u011b cestovn\u00edho ruchu viz <a href=\"http:\/\/vydavatelstvi.ujak.cz\/\">http:\/\/vydavatelstvi.ujak.cz\/<\/a><br \/>\n<\/span><\/p>\n<p style=\"text-align: justify;\"><strong><a href=\"https:\/\/www.slu.cz\/fpf\/cz\/ulgatlide\/\">SLEZSK\u00c1 UNIVERZITA \u2013 FILOZOFICKO-P\u0158\u00cdRODOV\u011aDN\u00c1 FAKULTA V\u00a0OPAV\u011a \u2013 \u00daSTAV L\u00c1ZE\u0147STV\u00cd, GASTRONOMIE A TURISMU<\/a><\/strong><br \/>\n<span style=\"font-family: verdana,geneva,sans-serif;\">Po\u0159\u00e1d\u00e1 pravideln\u00e9 konference v\u011bnovan\u00e9 ot\u00e1zk\u00e1m l\u00e1ze\u0148stv\u00ed nebo gastronomie v dubnu, ze kter\u00fdch se vyd\u00e1vaj\u00ed sborn\u00edky.<\/span><\/p>\n<p><strong><span style=\"font-family: verdana,geneva,sans-serif;\"><a href=\"https:\/\/kcr.vse.cz\/\">VYSOK\u00c1 \u0160KOLA EKONOMICK\u00c1 &#8211; FAKULTA MEZIN\u00c1RODN\u00cdCH VZTAH\u016e &#8211; KATEDRA CESTOVN\u00cdHO RUCHU<\/a><\/span><\/strong><br \/>\n<span style=\"font-family: verdana,geneva,sans-serif;\">Vysok\u00e1 \u0161kola ekonomick\u00e1 (V\u0160E) je tradi\u010dn\u00ed centrum v\u00fduky a v\u00fdzkumu ekonomie i cestovn\u00edho ruchu v\u00a0\u010cR.<\/span><\/p>\n<p><span style=\"font-family: verdana,geneva,sans-serif;\"><strong><a href=\"http:\/\/www.hotskolabrno.cz\/?stranka=26&amp;nix=vysoka-skola-obchodni-a-hotelova\">VYSOK\u00c1 \u0160KOLA OBCHODN\u00cd A HOTELOV\u00c1 (BRNO)<\/a><\/strong><\/span><br \/>\n<span style=\"font-family: verdana,geneva,sans-serif;\">V\u00a0dubnu po\u0159\u00e1d\u00e1 konference zam\u011b\u0159en\u00e9 na gastronomii a hotelnictv\u00ed. Sborn\u00edky jsou voln\u011b k\u00a0dispozici v\u00a0elektronick\u00e9 podob\u011b <a href=\"http:\/\/ic.hotskolabrno.cz\/?stranka=202&amp;nix=konference\">http:\/\/ic.hotskolabrno.cz\/?stranka=202&amp;nix=konference<\/a><\/span><\/p>\n","protected":false},"excerpt":{"rendered":"<p>VYSOK\u00c9 \u0160KOLY V \u010cR V\u011aNUJ\u00cdC\u00cd SE TURISMU Zat\u00edmco p\u0159\u00edmo pr\u00e1vn\u00ed \u00faprav\u011b cestovn\u00edho ruchu se v\u00a0\u010cR pravideln\u011bji v\u011bnuje jen hrstka odborn\u00edk\u016f,<\/p>\n","protected":false},"author":1,"featured_media":0,"parent":0,"menu_order":0,"comment_status":"closed","ping_status":"closed","template":"","meta":{"footnotes":""},"class_list":["post-313","page","type-page","status-publish","hentry"],"_links":{"self":[{"href":"https:\/\/turismus.prf.cuni.cz\/index.php?rest_route=\/wp\/v2\/pages\/313","targetHints":{"allow":["GET"]}}],"collection":[{"href":"https:\/\/turismus.prf.cuni.cz\/index.php?rest_route=\/wp\/v2\/pages"}],"about":[{"href":"https:\/\/turismus.prf.cuni.cz\/index.php?rest_route=\/wp\/v2\/types\/page"}],"author":[{"embeddable":true,"href":"https:\/\/turismus.prf.cuni.cz\/index.php?rest_route=\/wp\/v2\/users\/1"}],"replies":[{"embeddable":true,"href":"https:\/\/turismus.prf.cuni.cz\/index.php?rest_route=%2Fwp%2Fv2%2Fcomments&post=313"}],"version-history":[{"count":8,"href":"https:\/\/turismus.prf.cuni.cz\/index.php?rest_route=\/wp\/v2\/pages\/313\/revisions"}],"predecessor-version":[{"id":486,"href":"https:\/\/turismus.prf.cuni.cz\/index.php?rest_route=\/wp\/v2\/pages\/313\/revisions\/486"}],"wp:attachment":[{"href":"https:\/\/turismus.prf.cuni.cz\/index.php?rest_route=%2Fwp%2Fv2%2Fmedia&parent=313"}],"curies":[{"name":"wp","href":"https:\/\/api.w.org\/{rel}","templated":true}]}}