{"id":385,"date":"2017-07-14T15:46:57","date_gmt":"2017-07-14T14:46:57","guid":{"rendered":"http:\/\/turismus.prf.cuni.cz\/?page_id=385"},"modified":"2024-02-04T01:50:27","modified_gmt":"2024-02-04T00:50:27","slug":"contact","status":"publish","type":"page","link":"https:\/\/turismus.prf.cuni.cz\/?page_id=385","title":{"rendered":"CONTACT"},"content":{"rendered":"<p style=\"text-align: justify;\"><span style=\"font-family: verdana,geneva,sans-serif;\"><strong>JUDr. PhDr. Ren\u00e9 Petr\u00e1\u0161, Ph.D.\u00a0\u00a0\u00a0 <\/strong><a href=\"mailto:petras@prf.cuni.cz\"><strong>petras@prf.cuni.cz<\/strong><\/a><\/span><\/p>\n<p style=\"text-align: justify;\"><span style=\"font-family: verdana,geneva,sans-serif;\">He devotes himself to tourism law within the framework of: <strong>Centrum mimosoudn\u00edho \u0159e\u0161en\u00ed spor\u016f (Out-Of-Court Consumer Dispute Resolution Centre)<\/strong><\/span><\/p>\n<p style=\"text-align: justify;\"><span style=\"font-family: verdana,geneva,sans-serif;\"><strong>Univerzita Karlova, Pr\u00e1vnick\u00e1 fakulta (Charles University, Faculty of Law)<\/strong><\/span><\/p>\n<p style=\"text-align: justify;\"><span style=\"font-family: verdana,geneva,sans-serif;\">N\u00e1m. Curieov\u00fdch 901\/7, 116\/40 Praha 1<\/span><\/p>\n","protected":false},"excerpt":{"rendered":"<p>JUDr. PhDr. Ren\u00e9 Petr\u00e1\u0161, Ph.D.\u00a0\u00a0\u00a0 petras@prf.cuni.cz He devotes himself to tourism law within the framework of: Centrum mimosoudn\u00edho \u0159e\u0161en\u00ed spor\u016f<\/p>\n","protected":false},"author":1,"featured_media":0,"parent":0,"menu_order":0,"comment_status":"closed","ping_status":"closed","template":"","meta":{"footnotes":""},"class_list":["post-385","page","type-page","status-publish","hentry"],"_links":{"self":[{"href":"https:\/\/turismus.prf.cuni.cz\/index.php?rest_route=\/wp\/v2\/pages\/385","targetHints":{"allow":["GET"]}}],"collection":[{"href":"https:\/\/turismus.prf.cuni.cz\/index.php?rest_route=\/wp\/v2\/pages"}],"about":[{"href":"https:\/\/turismus.prf.cuni.cz\/index.php?rest_route=\/wp\/v2\/types\/page"}],"author":[{"embeddable":true,"href":"https:\/\/turismus.prf.cuni.cz\/index.php?rest_route=\/wp\/v2\/users\/1"}],"replies":[{"embeddable":true,"href":"https:\/\/turismus.prf.cuni.cz\/index.php?rest_route=%2Fwp%2Fv2%2Fcomments&post=385"}],"version-history":[{"count":3,"href":"https:\/\/turismus.prf.cuni.cz\/index.php?rest_route=\/wp\/v2\/pages\/385\/revisions"}],"predecessor-version":[{"id":491,"href":"https:\/\/turismus.prf.cuni.cz\/index.php?rest_route=\/wp\/v2\/pages\/385\/revisions\/491"}],"wp:attachment":[{"href":"https:\/\/turismus.prf.cuni.cz\/index.php?rest_route=%2Fwp%2Fv2%2Fmedia&parent=385"}],"curies":[{"name":"wp","href":"https:\/\/api.w.org\/{rel}","templated":true}]}}