{"id":388,"date":"2017-07-14T15:52:33","date_gmt":"2017-07-14T14:52:33","guid":{"rendered":"http:\/\/turismus.prf.cuni.cz\/?page_id=388"},"modified":"2024-02-04T01:48:18","modified_gmt":"2024-02-04T00:48:18","slug":"experts","status":"publish","type":"page","link":"https:\/\/turismus.prf.cuni.cz\/?page_id=388","title":{"rendered":"EXPERTS"},"content":{"rendered":"<p style=\"text-align: justify;\"><span style=\"font-family: verdana,geneva,sans-serif;\"><strong>THE EXPERTS ENGAGED IN THE LEGAL REGULATION OF TOURISM AND STATE OF RESEARCH IN CZECH REPUBLIC<\/strong><\/span><\/p>\n<p style=\"text-align: justify;\"><span style=\"font-family: verdana,geneva,sans-serif;\"><strong>There are only a handful of authors publishing on tourism legislation in the CR while older literature is almost inapplicable and its scope is minimal.<\/strong> More publications have been published only by Kl\u00e1ra (Havl\u00ed\u010dkov\u00e1) Dvo\u0159\u00e1kov\u00e1, attorney, and Ren\u00e9 Petr\u00e1\u0161 from the Faculty of Law of Charles University (PFUK). Among others, there is for instance work of Renata Kr\u00e1lov\u00e1, currently the Director of the Tourism Department at the Ministry for Regional Development. Jan \u0160termberk from the University of Business has published number of highly regarded works about the tourism development but he addresses the legal aspects only in a limited way. <strong>Also publications of non-lawyers are of utmost importance, especially works of economists in terms of the broad context of the many years forthcoming Act on Support of Tourism Development<\/strong>, where number of books are e.g.by \u0160\u00e1rka Tittelbachov\u00e1, Petr Studni\u010dka or Lucie Plz\u00e1kov\u00e1, who works at the Institute of Hospitality Management in Prague. Interesting works on specific legal aspects of tourism were also elaborated by Petr Hou\u0161ka.<\/span><\/p>\n<p style=\"text-align: justify;\"><span style=\"font-family: verdana,geneva,sans-serif;\">In spite of the fundamental development of tourism law research in recent years and apart from rather isolated articles, there are only <strong>a few useful books dealing with issue complexly<\/strong>, namely Petr\u00e1\u0161: Law and Tourism (Pr\u00e1vo a cestovn\u00ed ruch, 2013), which contains rather textbook-like presentation, more detailed Havl\u00ed\u010dkov\u00e1 &#8211; Kr\u00e1lov\u00e1: Travel law (Cestovn\u00ed pr\u00e1vo, 2015), also Linderov\u00e1: Tourism \/ theoretical and legal bases (Cestovn\u00ed ruch \/ teoretick\u00e1 a pr\u00e1vn\u00ed v\u00fdchodiska, 2015) can be mentioned. <strong>The major role has the monothematic issue of the magazine<\/strong> Acta Universitatis Carolinae Iuridica 3\/2016 which is also available in an electronic version \u2013 see <a href=\"https:\/\/www.prf.cuni.cz\/acta-universitatis-carolinae-iuridica\/archiv\">https:\/\/www.prf.cuni.cz\/acta-universitatis-carolinae-iuridica\/archiv<\/a>. Abroad, the Czech legislation is described only exceptionally (e.g. an article by Eva Dobrovoln\u00e1 in Tourismusrecht Jahrbuch 16, 2016<strong>). In Slovakia, whose legislation on tourism is very similar to the Czech one<\/strong>, the situation with expert literature is even worse when only rare articles can be found. Probably the only extensive publication is the Tourism Law (Pr\u00e1vo cestovn\u00e9ho ruchu, 2014) prepared by experts from Trnava University.<\/span><\/p>\n<p style=\"text-align: justify;\"><span style=\"font-family: verdana,geneva,sans-serif;\"><strong><a id=\"authors\"><\/a>INFORMATION ABOUT CERTAIN AUTHORS DEVOTED TO LEGAL REGULATION OF TOURISM:<\/strong><\/span><\/p>\n<p style=\"text-align: justify;\"><span style=\"font-family: verdana,geneva,sans-serif;\"><strong>JUDr. PhDr. Ren\u00e9 Petr\u00e1\u0161, Ph.D.<\/strong> Since 2000 he has been working at the Law Faculty of Charles University (PFUK). Since 2009 he has also been teaching at the University of Jan Amos Comenius, Prague, among other subjects also the field of tourism management. He studied law at the Faculty of Law of Charles University and also history, specializing in international relations, at the Philosophical Faculty of Charles University. He mostly focuses on the development of legal status of national minorities in the Czech Lands of the twentieth century (author of a number of books \u2013 e.g. Minorities in inter-war Czechoslovakia \u2013 Men\u0161iny v meziv\u00e1le\u010dn\u00e9m \u010ceskoslovensku, 2009, Minorities in Communist Czechoslovakia &#8211; Men\u0161iny v komunistick\u00e9m \u010ceskoslovensku, 2007, Foreigners in Their Own Country \u2013 Cizinci ve vlastn\u00ed zemi, 2012, Minorities and Law in Czechoslovakia 1918-1992, in English 2017, and dozens of articles). Author of more than 160 publications in Czech, but also in German, English, French, Russian, dozens of them are dealing with the legal regulation of tourism (e.g. COT magazine).<\/span><\/p>\n<p style=\"text-align: justify;\"><span style=\"font-family: verdana,geneva,sans-serif;\"><strong>Selection from publications:<\/strong><\/span><\/p>\n<p style=\"text-align: justify;\"><span style=\"font-family: verdana,geneva,sans-serif;\">&#8211; Pr\u00e1vo a cestovn\u00ed ruch [Law and Tourism], Prague 2013, 224 pages<\/span><\/p>\n<p style=\"text-align: justify;\"><span style=\"font-family: verdana,geneva,sans-serif;\">-Acta Universitatis Carolinae Iuridica 3\/2016, monothematic issue of magazine dedicated to law and tourism, 182 pages (editor) see http:\/\/www.prf.cuni.cz\/res\/dwe-files\/1404054467.pdf<\/span><\/p>\n<p style=\"text-align: justify;\"><span style=\"font-family: verdana,geneva,sans-serif;\">&#8211; Sou\u010dasn\u00e9 zm\u011bny pr\u00e1vn\u00ed \u00fapravy cestovn\u00edho ruchu [Recent changes in tourism legislation], in: Aktu\u00e1ln\u00ed probl\u00e9my cestovn\u00edho ruchu \/ Nov\u00e9 trendy a technologie v\u00a0cestovn\u00edm ruchu [Present problems of tourism \/ New trends and technologies in tourism], Jihlava, Vysok\u00e1 \u0161kola polytechnick\u00e1 2012, pp. 192-202<\/span><\/p>\n<p style=\"text-align: justify;\"><span style=\"font-family: verdana,geneva,sans-serif;\">&#8211; Probl\u00e9my pr\u00e1vn\u00ed \u00fapravy cestovn\u00edho ruchu, Studia turistica [Problems of tourism legislation, Studia turistica] (online magazine <a href=\"https:\/\/www.studiaturistica.cz\/\">https:\/\/www.studiaturistica.cz\/<\/a>) July 2012, pp. 54-61<\/span><\/p>\n<p style=\"text-align: justify;\"><span style=\"font-family: verdana,geneva,sans-serif;\">&#8211; Nov\u00fd ob\u010dansk\u00fd z\u00e1kon\u00edk a jeho dopady na spole\u010dnost a cestovn\u00ed ruch [New Civil Code and its impact on society and tourism], in: Aktu\u00e1ln\u00ed probl\u00e9my cestovn\u00edho ruchu \/ Cestovn\u00ed ruch a jeho dopady na spole\u010dnost [Present problems of tourism \/ New trends and technologies in tourism], Jihlava, Vysok\u00e1 \u0161kola polytechnick\u00e1 2014, s. 204-211<\/span><\/p>\n<p style=\"text-align: justify;\"><span style=\"font-family: verdana,geneva,sans-serif;\">&#8211; Transformace pr\u00e1vn\u00ed \u00fapravy cestovn\u00edho ruchu a l\u00e1ze\u0148stv\u00ed [Transformation of tourism and spas legislation], in: Aktu\u00e1ln\u00ed trendy l\u00e1ze\u0148stv\u00ed, hotelnictv\u00ed a turismu [Present trends of spas, hotel industry and tourism], T\u00e1bor, Slezsk\u00e1 univerzita v Opav\u011b 2015, pp. 221-229<\/span><\/p>\n<p style=\"text-align: justify;\"><span style=\"font-family: verdana,geneva,sans-serif;\">&#8211; Pr\u00e1vn\u00ed problematika ve vztahu k\u00a0cestovn\u00edmu ruchu [Legal issues in relation to tourism], in: Marketing a management cestovn\u00edho ruchu na n\u00e1rodn\u00ed a region\u00e1ln\u00ed \u00farovni [Marketing and management of tourism on national and regional level], Praha, UJAK 2015, pp. 117-127<\/span><\/p>\n<p style=\"text-align: justify;\"><span style=\"font-family: verdana,geneva,sans-serif;\">&#8211; Transformace pr\u00e1vn\u00ed \u00fapravy cestovn\u00edho ruchu v\u00a0\u010cesk\u00e9 republice a v\u00a0Evropsk\u00e9 unii [Transformation of tourism legislation in the Czech Republic and in the European Union], in: Aktu\u00e1ln\u00ed probl\u00e9my cestovn\u00edho ruchu \/ Cestovn\u00ed ruch: v\u00fdvoj \u2013 zm\u011bny \u2013 perspektivy [Recent issues of tourism \/ Tourism: development \u2013 changes \u2013 perspectives], Jihlava, Vysok\u00e1 \u0161kola polytechnick\u00e1 2015, pp. 351-360<\/span><\/p>\n<p style=\"text-align: justify;\"><span style=\"font-family: verdana,geneva,sans-serif;\">&#8211; Tradice pr\u00e1vn\u00ed \u00fapravy cestovn\u00edho ruchu a sou\u010dasnost [Tradition of tourism legislation and presence], Acta Universitatis Carolinae Iuridica 3\/2016, pp. 11-27<\/span><\/p>\n<p style=\"text-align: justify;\"><span style=\"font-family: verdana,geneva,sans-serif;\">&#8211; Sou\u010dasn\u00e9 zm\u011bny pr\u00e1vn\u00ed \u00fapravy cestovn\u00edho ruchu [Current changes in tourism legislation], in: Aktu\u00e1ln\u00ed probl\u00e9my cestovn\u00edho ruchu \/ M\u00edstn\u00ed bohatstv\u00ed a cestovn\u00ed ruch [Recent issues of tourism \/ Local wealth and tourism], Jihlava, Vysok\u00e1 \u0161kola polytechnick\u00e1 2016, pp. 336-345<\/span><\/p>\n<p style=\"text-align: justify;\"><span style=\"font-family: verdana,geneva,sans-serif;\"><strong>JUDr. Kl\u00e1ra Dvo\u0159\u00e1kov\u00e1 (n\u00e9e Havl\u00ed\u010dkov\u00e1), M.A. <\/strong>Attorney-at-law, partner at Holubov\u00e1 advok\u00e1ti s.r.o. She has been involved in tuition of the subject Law and Tourism since its beginning at the Faculty of Law of Charles University in 2014. She is a graduate of the Faculty of Political Science of the State University of Kansas (2004) and the Faculty of Law of Charles University (2008). She specializes in travel law, damages and cross-border disputes. Author of dozens of publications on tourism legislation, especially in the COT magazine.<\/span><\/p>\n<p style=\"text-align: justify;\"><span style=\"font-family: verdana,geneva,sans-serif;\"><strong>Selection from publications: <\/strong><\/span><\/p>\n<p style=\"text-align: justify;\"><span style=\"font-family: verdana,geneva,sans-serif;\">&#8211; Cestovn\u00ed pr\u00e1vo [Travel law], Praha,C.H.Beck, 2015, 474 pages (together with Kr\u00e1lov\u00e1, R.)<\/span><\/p>\n<p style=\"text-align: justify;\"><span style=\"font-family: verdana,geneva,sans-serif;\">&#8211; Od\u010din\u011bn\u00ed \u00fajmy za naru\u0161en\u00ed dovolen\u00e9 &#8211; inspirace v praxi n\u011bmeck\u00fdch a\u00a0britsk\u00fdch soud\u016f, Rekodifikace a praxe 3\/2016 [Injury atonement for breaking holiday &#8211; inspired by the practice of the German and British courts, Re-codification and practice]<\/span><\/p>\n<p style=\"text-align: justify;\"><span style=\"font-family: verdana,geneva,sans-serif;\">&#8211; V\u00fdznam rozsudk\u016f soud\u016f \u010cR p\u0159i zaji\u0161t\u011bn\u00ed n\u00e1rok\u016f klient\u016f v p\u0159\u00edpad\u011b \u00fapadku cestovn\u00ed kancel\u00e1\u0159e [The importance of judgments of the Czech courts in ensuring the claims of clients in the event of bankruptcy of a travel agency], Acta Universitatis Carolinae Iuridica 3\/2016, pp. 101-122<\/span><\/p>\n<p style=\"text-align: justify;\"><span style=\"font-family: verdana,geneva,sans-serif;\"><strong>JUDr. Renata Kr\u00e1lov\u00e1. <\/strong>She works at the Ministry for Regional Development where she currently runs the Department of Tourism. She has been pursueing the travel law for more than ten years, among others through publishing articles and giving occasional lectures. She took part in negotiations on the draft of the EU directive on package travel and linked travel arrangements in the working bodies of the EU Council. She is a graduate of the Faculty of Law of Charles University. She specializes in issues of European law.<\/span><\/p>\n<p style=\"text-align: justify;\"><span style=\"font-family: verdana,geneva,sans-serif;\"><strong>Selection from publications: <\/strong><\/span><\/p>\n<p style=\"text-align: justify;\"><span style=\"font-family: verdana,geneva,sans-serif;\">&#8211; Cestovn\u00ed pr\u00e1vo [Travel law], Praha,C.H.Beck, 2015, 474 pages (together with Havl\u00ed\u010dkov\u00e1, K.)<\/span><\/p>\n<p style=\"text-align: justify;\"><span style=\"font-family: verdana,geneva,sans-serif;\">&#8211; Nov\u00e1 sm\u011brnice EU o souborn\u00fdch cestovn\u00edch slu\u017eb\u00e1ch a spojen\u00fdch cestovn\u00edch slu\u017eb\u00e1ch \u2013 co je nov\u00e9ho a co z\u016fst\u00e1v\u00e1? [New EU directive on package travel and linked travel arrangements \u2013 what is new and what remains?], Acta Universitatis Carolinae Iuridica 3\/2016, pp. 29-35<\/span><\/p>\n<p style=\"text-align: justify;\"><span style=\"font-family: verdana,geneva,sans-serif;\">&#8211; Bari\u00e9ry cestovn\u00edho ruchu: sborn\u00edk p\u0159\u00edsp\u011bvk\u016f z kulat\u00e9ho stolu konan\u00e9ho dne 5. listopadu 2013 [Tourism barriers: Proceedings of the roundtable held on 5 November 2013], Praha, Havl\u00ed\u010dek Brain Team 2014 (contribution)<\/span><\/p>\n<p style=\"text-align: justify;\"><span style=\"font-family: verdana,geneva,sans-serif;\">&#8211; Cestovn\u00ed ruch ve sv\u011btle nov\u00e9 pr\u00e1vn\u00ed \u00fapravy: sborn\u00edk z kulat\u00e9ho stolu 11. listopadu 2014. [Tourism in the light of the new legislation: Round Table Proceedings 11 November 2014.] Praha, Havl\u00ed\u010dek Brain Team 2014 (contribution)<\/span><\/p>\n<p style=\"text-align: justify;\"><span style=\"font-family: verdana,geneva,sans-serif;\">&#8211; Pr\u00e1vo a cestovn\u00ed ruch: sborn\u00edk p\u0159\u00edsp\u011bvk\u016f z kulat\u00e9ho stolu konan\u00e9ho dne 15. listopadu 2012. [Law and Tourism: Proceedings of the Round Table held on 15 November 2012.] Praha, Havl\u00ed\u010dek Brain Team 2013 (contribution)<\/span><\/p>\n<p style=\"text-align: justify;\"><span style=\"font-family: verdana,geneva,sans-serif;\"><strong>Doc. PhDr. et JUDr. Jan \u0160temberk, Ph.D.<\/strong> He studied history and Slovak philosophy at Charles University&#8217;s Faculty of Philosophy. At the Faculty of Law of Charles University he graduated from the branch of law. In 2011 he habilitated at the Faculty of Philosophy of Charles University in the field of economic and social history. Since 2004 he has been working at the University of Business in Prague. As one of the few historians, he deals with the history of tourism in the wider context of the development of partial services, as well as with the question of legal regulation of tourism. Author of three monographs and several dozens of articles in Czech but also in German, English, Slovenian and French, especially on the history of tourism.<\/span><\/p>\n<p style=\"text-align: justify;\"><span style=\"font-family: verdana,geneva,sans-serif;\"><strong>Selection from publications: <\/strong><\/span><\/p>\n<p style=\"text-align: justify;\"><span style=\"font-family: verdana,geneva,sans-serif;\">&#8211; Fenom\u00e9n cestovn\u00edho ruchu. Mo\u017enosti a limity cestovn\u00edho ruchu v\u00a0meziv\u00e1le\u010dn\u00e9m \u010ceskoslovensku [The phenomenon of tourism. Possibilities and Limits of Tourism in the Interwar Czechoslovakia], Pelh\u0159imov &#8211; Praha 2009, 298 pages<\/span><\/p>\n<p style=\"text-align: justify;\"><span style=\"font-family: verdana,geneva,sans-serif;\">&#8211; \u0160temberk a kol. Kapitoly z\u00a0d\u011bjin cestovn\u00edho ruchu [Chapters from the History of Tourism], Pelh\u0159imov &#8211; Praha 2012, 224 pages<\/span><\/p>\n<p style=\"text-align: justify;\"><span style=\"font-family: verdana,geneva,sans-serif;\">&#8211; Czechoslovakia as the Tourist Destination 1918-1938, Prague Papers on the history of International Relations 2008, pp. 355-374<\/span><\/p>\n<p style=\"text-align: justify;\"><span style=\"font-family: verdana,geneva,sans-serif;\">&#8211; Tourism in Economy of the Interwar Czechoslovakia, Prager wirtschafts- und sozialhistorische Mitteilungen \/ Prague Economic and Social History Papers, vol. 11, 2010, pp. 96-108<\/span><\/p>\n<p style=\"text-align: justify;\"><span style=\"font-family: verdana,geneva,sans-serif;\">&#8211; \u010ceskoslovensko-polsk\u00e1 turistick\u00e1 konvence 1925 [Czechoslovak-Polish Tourist Convention 1925], Slovansk\u00fd p\u0159ehled 97, 2011, No. 1-2, pp. 217-231<\/span><\/p>\n<p style=\"text-align: justify;\"><span style=\"font-family: verdana,geneva,sans-serif;\">-Tourismus als soziale Kategorie. Struktur und Haupttendenzen des Tourismus in der Tschechoslowakei der Zwischenkriegszeit, in: Kapiteln aus der Geschichte des Sozialstaates, M\u00fcnchen, Verlag Lang 2012, pp. 45-55<\/span><\/p>\n<p style=\"text-align: justify;\"><span style=\"font-family: verdana,geneva,sans-serif;\">&#8211; Technick\u00e9 novinky v\u00a0\u010deskoslovensk\u00e9 dopravn\u00ed legislativ\u011b [Technical innovations in Czechoslovak transport legislation], in: V\u011bda a technika v \u010desk\u00fdch zem\u00edch mezi sv\u011btov\u00fdmi v\u00e1lkami [Science and technology in the Czech lands between the world wars], Praha, NTM 2014, pp.\u00a0283-290<\/span><\/p>\n<p style=\"text-align: justify;\"><span style=\"font-family: verdana,geneva,sans-serif;\">&#8211; Meziv\u00e1le\u010dn\u00e9 n\u00e1vrhy pr\u00e1vn\u00ed \u00fapravy cestovn\u00edho ruchu a sou\u010dasnost [Inter-war proposals on tourism legislation and the present], Acta Universitatis Carolinae Iuridica 3\/2016, pp. 147-156<\/span><\/p>\n","protected":false},"excerpt":{"rendered":"<p>THE EXPERTS ENGAGED IN THE LEGAL REGULATION OF TOURISM AND STATE OF RESEARCH IN CZECH REPUBLIC There are only a<\/p>\n","protected":false},"author":1,"featured_media":0,"parent":0,"menu_order":0,"comment_status":"closed","ping_status":"closed","template":"","meta":{"footnotes":""},"class_list":["post-388","page","type-page","status-publish","hentry"],"_links":{"self":[{"href":"https:\/\/turismus.prf.cuni.cz\/index.php?rest_route=\/wp\/v2\/pages\/388","targetHints":{"allow":["GET"]}}],"collection":[{"href":"https:\/\/turismus.prf.cuni.cz\/index.php?rest_route=\/wp\/v2\/pages"}],"about":[{"href":"https:\/\/turismus.prf.cuni.cz\/index.php?rest_route=\/wp\/v2\/types\/page"}],"author":[{"embeddable":true,"href":"https:\/\/turismus.prf.cuni.cz\/index.php?rest_route=\/wp\/v2\/users\/1"}],"replies":[{"embeddable":true,"href":"https:\/\/turismus.prf.cuni.cz\/index.php?rest_route=%2Fwp%2Fv2%2Fcomments&post=388"}],"version-history":[{"count":3,"href":"https:\/\/turismus.prf.cuni.cz\/index.php?rest_route=\/wp\/v2\/pages\/388\/revisions"}],"predecessor-version":[{"id":489,"href":"https:\/\/turismus.prf.cuni.cz\/index.php?rest_route=\/wp\/v2\/pages\/388\/revisions\/489"}],"wp:attachment":[{"href":"https:\/\/turismus.prf.cuni.cz\/index.php?rest_route=%2Fwp%2Fv2%2Fmedia&parent=388"}],"curies":[{"name":"wp","href":"https:\/\/api.w.org\/{rel}","templated":true}]}}